{"id":900,"date":"2021-04-08T01:47:07","date_gmt":"2021-04-08T01:47:07","guid":{"rendered":"http:\/\/banhkemtayninh.com\/?post_type=product&#038;p=900"},"modified":"2023-06-22T07:26:19","modified_gmt":"2023-06-22T07:26:19","slug":"bong-lan-cuon","status":"publish","type":"product","link":"https:\/\/banhkemtayninh.com\/en\/banh\/bong-lan-cuon\/","title":{"rendered":""},"content":{"rendered":"<p><strong>L\u1ee3i L\u1ee3i Bakery<\/strong>\u00a0\u2013\u00a0<a href=\"https:\/\/banhkemtayninh.com\/en\/\">B\u00e1nh Kem T\u00e2y Ninh<\/a> cung c\u1ea5p b\u00e1nh tiramisu, kem gato t\u1ee9 v\u1ecb, kem b\u1eafp.<\/p>\n<p>B\u00e1nh kem socola trang tr\u00ed tr\u00e1i c\u00e2y t\u01b0\u01a1i, b\u00e1nh m\u00f4 h\u00ecnh (xe h\u01a1i, c\u00f4ng ch\u00faa, tr\u00e1i tim\u2026).<\/p>\n<p><strong>L\u1ee3i L\u1ee3i Bakery<\/strong>\u00a0\u2013\u00a0<a href=\"https:\/\/banhkemtayninh.com\/en\/\">B\u00e1nh Kem T\u00e2y Ninh<\/a> nhi\u1ec1u m\u1eabu m\u00e3 b\u00e1nh \u0111a d\u1ea1ng, nhi\u1ec1u size kh\u00e1ch h\u00e0ng l\u1ef1a ch\u1ecdn.<\/p>\n<p>Nh\u1eadn \u0111\u1eb7t b\u00e1nh theo y\u00eau c\u1ea7u, giao h\u00e0ng t\u1eadn n\u01a1i v\u00e0 nhanh ch\u00f3ng, chi ph\u00ed h\u1ee3p l\u00fd.<\/p>\n<p><strong>L\u1ee3i L\u1ee3i Bakery &#8211; <a href=\"https:\/\/banhkemtayninh.com\/en\/\">B\u00e1nh Kem T\u00e2y Ninh<\/a>\u00a0<\/strong><\/p>\n<p><strong><a href=\"https:\/\/banhkemtayninh.com\/en\/\">B\u00e1nh Kem T\u00e2y Ninh<\/a> &#8211; <\/strong>CN H\u00f2a Th\u00e0nh: 50 H\u00f9ng V\u01b0\u01a1ng, H\u00f2a Th\u00e0nh, T\u00e2y Ninh <em>(c\u00e1ch c\u1eeda 1 Ch\u1ee3 Long Hoa 500m)\u00a0<\/em><\/p>\n<p><strong><a href=\"https:\/\/banhkemtayninh.com\/en\/\">B\u00e1nh Kem T\u00e2y Ninh<\/a>\u00a0 &#8211; <\/strong>CN V\u00f5 Th\u1ecb S\u00e1u: 94 \u2013 96 V\u00f5 Th\u1ecb S\u00e1u, KP4, P3, TP T\u00e2y Ninh <em>(Ng\u00e3 t\u01b0 Ch\u1ee3 Chi\u1ec1u)<\/em><\/p>\n<p>&nbsp;<\/p>\n<p>&nbsp;<\/p>","protected":false},"excerpt":{"rendered":"<p>MUA TR\u1ef0C TI\u1ebeP T\u1ea0I C\u1eecA H\u00c0NG<\/p>","protected":false},"featured_media":901,"comment_status":"closed","ping_status":"closed","template":"","meta":[],"_links":{"self":[{"href":"https:\/\/banhkemtayninh.com\/en\/wp-json\/wp\/v2\/product\/900"}],"collection":[{"href":"https:\/\/banhkemtayninh.com\/en\/wp-json\/wp\/v2\/product"}],"about":[{"href":"https:\/\/banhkemtayninh.com\/en\/wp-json\/wp\/v2\/types\/product"}],"replies":[{"embeddable":true,"href":"https:\/\/banhkemtayninh.com\/en\/wp-json\/wp\/v2\/comments?post=900"}],"wp:featuredmedia":[{"embeddable":true,"href":"https:\/\/banhkemtayninh.com\/en\/wp-json\/wp\/v2\/media\/901"}],"wp:attachment":[{"href":"https:\/\/banhkemtayninh.com\/en\/wp-json\/wp\/v2\/media?parent=900"}],"curies":[{"name":"wp","href":"https:\/\/api.w.org\/{rel}","templated":true}]}}