{"id":541,"date":"2020-12-27T03:43:43","date_gmt":"2020-12-27T03:43:43","guid":{"rendered":"http:\/\/banhkemtayninh.com\/?page_id=541"},"modified":"2022-01-03T01:41:57","modified_gmt":"2022-01-03T01:41:57","slug":"lien-he","status":"publish","type":"page","link":"https:\/\/banhkemtayninh.com\/en\/lien-he\/","title":{"rendered":"Li\u00ean h\u1ec7"},"content":{"rendered":"<div class=\"row\"  id=\"row-1030098530\">\n\n\t<div id=\"col-1745395321\" class=\"col medium-6 small-12 large-6\"  >\n\t\t<div class=\"col-inner\"  >\n\t\t\t\n\t\t\t\n<p><iframe loading=\"lazy\" style=\"border: 0;\" src=\"https:\/\/www.google.com\/maps\/embed?pb=!1m18!1m12!1m3!1d3912.461209124355!2d106.10480161535808!3d11.300961552381187!2m3!1f0!2f0!3f0!3m2!1i1024!2i768!4f13.1!3m3!1m2!1s0x310b6b00c1c77d89%3A0xcb74bd4cd1de5970!2zOTQgVsO1IFRo4buLIFPDoXUsIEtodSBwaOG7kSA0LCBUw6J5IE5pbmgsIFZp4buHdCBOYW0!5e0!3m2!1svi!2s!4v1617845107541!5m2!1svi!2s\" width=\"600\" height=\"450\" allowfullscreen=\"allowfullscreen\"><\/iframe><\/p>\n<p style=\"text-align: center;\"><strong>L\u1ee2I L\u1ee2I BAKERY &#8211; <a href=\"https:\/\/banhkemtayninh.com\/en\/\">B\u00c1NH KEM T\u00c2Y NINH<\/a><br \/>94 &#8211; 96 V\u00f5 Th\u1ecb S\u00e1u, KP4, P3, TP T\u00e2y Ninh\u00a0<br \/><em>(Ng\u00e3 t\u01b0 Ch\u1ee3 Chi\u1ec1u)<\/em><br \/>\u0110\u1eb6T B\u00c1NH: <br \/><a href=\"tel:02766250038\">02766 250 038<\/a><br \/><a href=\"tel:0967577457\">0967 577 457<\/a>\u00a0<br \/><\/strong><\/p>\n\t\t<\/div>\n\t\t\t<\/div>\n\n\t\n\n\t<div id=\"col-2098555698\" class=\"col medium-6 small-12 large-6\"  >\n\t\t<div class=\"col-inner\"  >\n\t\t\t\n\t\t\t\n<p><iframe loading=\"lazy\" style=\"border: 0;\" src=\"https:\/\/www.google.com\/maps\/embed?pb=!1m18!1m12!1m3!1d3912.662926856795!2d106.1273585153581!3d11.286169752662365!2m3!1f0!2f0!3f0!3m2!1i1024!2i768!4f13.1!3m3!1m2!1s0x310b6aec1024c3ff%3A0xbbe508fce05372cd!2zNTAgSMO5bmcgVsawxqFuZywgVFQuIEhvw6AgVGjDoG5oLCBIb8OgIFRow6BuaCwgVMOieSBOaW5oLCBWaeG7h3QgTmFt!5e0!3m2!1svi!2s!4v1617845695022!5m2!1svi!2s\" width=\"600\" height=\"450\" allowfullscreen=\"allowfullscreen\"><\/iframe><\/p>\n<p style=\"text-align: center;\"><strong>L\u1ee2I L\u1ee2I BAKERY &#8211; <a href=\"https:\/\/banhkemtayninh.com\/en\/\">B\u00c1NH KEM T\u00c2Y NINH<\/a><br \/>50 H\u00f9ng V\u01b0\u01a1ng, H\u00f2a Th\u00e0nh, T\u00e2y Ninh\u00a0<br \/><em>(c\u00e1ch c\u1eeda 1 Ch\u1ee3 Long Hoa 500m)\u00a0<\/em><br \/>\u0110\u1eb6T B\u00c1NH: <br \/><a href=\"tel:02763648059\">02763 648 059<\/a><br \/><a href=\"tel:0967526152\">0967 526 152<\/a><\/strong><\/p>\n<p>\u00a0<\/p>\n\t\t<\/div>\n\t\t\t<\/div>\n\n\t\n<\/div>","protected":false},"excerpt":{"rendered":"","protected":false},"author":2,"featured_media":0,"parent":0,"menu_order":0,"comment_status":"closed","ping_status":"closed","template":"","meta":[],"_links":{"self":[{"href":"https:\/\/banhkemtayninh.com\/en\/wp-json\/wp\/v2\/pages\/541"}],"collection":[{"href":"https:\/\/banhkemtayninh.com\/en\/wp-json\/wp\/v2\/pages"}],"about":[{"href":"https:\/\/banhkemtayninh.com\/en\/wp-json\/wp\/v2\/types\/page"}],"author":[{"embeddable":true,"href":"https:\/\/banhkemtayninh.com\/en\/wp-json\/wp\/v2\/users\/2"}],"replies":[{"embeddable":true,"href":"https:\/\/banhkemtayninh.com\/en\/wp-json\/wp\/v2\/comments?post=541"}],"version-history":[{"count":24,"href":"https:\/\/banhkemtayninh.com\/en\/wp-json\/wp\/v2\/pages\/541\/revisions"}],"predecessor-version":[{"id":1570,"href":"https:\/\/banhkemtayninh.com\/en\/wp-json\/wp\/v2\/pages\/541\/revisions\/1570"}],"wp:attachment":[{"href":"https:\/\/banhkemtayninh.com\/en\/wp-json\/wp\/v2\/media?parent=541"}],"curies":[{"name":"wp","href":"https:\/\/api.w.org\/{rel}","templated":true}]}}